{"id":23080,"date":"2014-10-11T17:50:29","date_gmt":"2014-10-11T17:50:29","guid":{"rendered":"http:\/\/socap.es\/?page_id=23080"},"modified":"2023-06-26T14:15:48","modified_gmt":"2023-06-26T14:15:48","slug":"accueil","status":"publish","type":"page","link":"https:\/\/socap.es\/fr\/","title":{"rendered":"ACCUEIL"},"content":{"rendered":"<p>[vc_row][vc_column]<div class=\"gap\" style=\"line-height: 10px; height: 10px;\"><\/div>[\/vc_column][\/vc_row][vc_row margin_bottom=&#8221;20&#8243;][vc_column animation=&#8221;fade-in&#8221;]<div class=\"dt-fancy-separator h3-size\" style=\"width: 100%;\"><div class=\"dt-fancy-title bg-on\" style=\"color: #ffffff;background-color: #1e73be;\"><span class=\"separator-holder separator-left\" style=\"border-color: #1e73be;\"><\/span>ING\u00c9NIERIE ET DISTRIBUTION DE CUVES en POLYESTER (SVR-PRFV )<span class=\"separator-holder separator-right\" style=\"border-color: #1e73be;\"><\/span><\/div><\/div>[\/vc_column][\/vc_row][vc_row margin_top=&#8221;20&#8243; animation=&#8221;left-to-right&#8221;][vc_column width=&#8221;1\/2&#8243;]<div class=\"gap\" style=\"line-height: 40px; height: 40px;\"><\/div>[layerslider_vc id=&#8221;2&#8243;][\/vc_column][vc_column width=&#8221;1\/2&#8243; animation=&#8221;right-to-left&#8221;][vc_column_text]<div class=\"gap\" style=\"line-height: 30px; height: 30px;\"><\/div> <span style=\"color: #000000;\">SOCAP fabrique des cuves\u00a0pour des secteurs tr\u00e8s divers entre lesquels se trouvent:<\/span><\/p>\n<h3><span style=\"color: #99cc00;\"><strong>DIVISION HYDROCARBURES<\/strong><\/span><\/h3>\n<p><span style=\"color: #000000;\">SOCAP est leader dans la march\u00e9 des cuves \u00e0 double paroi en polyester pour le stockage d\u00b4hydrocarbures<\/span><\/p>\n<h3><span style=\"color: #99cc00;\"><strong>DIVISION\u00a0INDUSTRIELLE<\/strong><\/span><\/h3>\n<p><span style=\"color: #000000;\">SOCAP con\u00e7oit, fabrique et distribue des \u00e9quipements pour le stockage et manipulation de tout type de fluides chimiques, alimentaires, eaux et sp\u00e9cialement tout genre de produits toxiques et corrosifs.<\/span><\/p>\n<h3><span style=\"color: #99cc00;\"><strong>DIVISION ENVIRONNEMENT<\/strong><\/span><\/h3>\n<p><span style=\"color: #000000;\">Dans le secteur de l\u00b4environnement, nous trouvons 3 champs principaux d\u00b4actutaion de SOCAP: le stockage de produits dangereux, le traitement d\u00b4eaux us\u00e9es et le stock et traitement de r\u00e9sidus solides.<\/span>[\/vc_column_text][\/vc_column][\/vc_row][vc_row][vc_column]<div class=\"gap\" style=\"line-height: 40px; height: 40px;\"><\/div>[\/vc_column][\/vc_row][vc_row margin_bottom=&#8221;20&#8243;][vc_column animation=&#8221;fade-in&#8221;]<div class=\"dt-fancy-separator h3-size\" style=\"width: 100%;\"><div class=\"dt-fancy-title bg-on\" style=\"color: #ffffff;background-color: #1e73be;\"><span class=\"separator-holder separator-left\" style=\"border-color: #1e73be;\"><\/span>NOS ATOUTS<span class=\"separator-holder separator-right\" style=\"border-color: #1e73be;\"><\/span><\/div><\/div><div class=\"gap\" style=\"line-height: 40px; height: 40px;\"><\/div>[\/vc_column][\/vc_row][vc_row animation=&#8221;left-to-right&#8221;][vc_column width=&#8221;1\/3&#8243; animation=&#8221;right-to-left&#8221;]<div class=\"dt-fancy-separator h4-size accent-border-color\" style=\"width: 100%;\"><div class=\"dt-fancy-title bg-on\" style=\"color: #ffffff;\"><span class=\"separator-holder separator-left\"><\/span>50 ANN\u00c9ES de travail du POLYESTER (SVR-PRFV)<span class=\"separator-holder separator-right\"><\/span><\/div><\/div><div class=\"gap\" style=\"line-height: 40px; height: 40px;\"><\/div>[vc_column_text]<span style=\"color: #000000;\">Avec <span style=\"color: #99cc00;\">plus de 50 ans d\u2019exp\u00e9rience<\/span>, SOCAP est d\u00e9di\u00e9e \u00e0 fournir des solutions dans <span style=\"color: #99cc00;\">la construction de r\u00e9servoirs de stockage et de traitement de fluide GRP<\/span>. Pendant tout ce temps, il ya eu trois principaux moteurs qui ont fait bouger SOCAP, des valeurs qui s\u2019appliquent \u00e9galement aujourd\u2019hui: LA QUALIT\u00c9, LA R &amp; D et LE SERVICE.<\/span>[\/vc_column_text]<div class=\"gap\" style=\"line-height: 40px; height: 40px;\"><\/div>[\/vc_column][vc_column width=&#8221;1\/3&#8243; animation=&#8221;fade-in&#8221;]<div class=\"dt-fancy-separator h4-size accent-border-color\" style=\"width: 100%;\"><div class=\"dt-fancy-title bg-on\" style=\"color: #ffffff;\"><span class=\"separator-holder separator-left\"><\/span>QUALIT\u00c9 - R+D - SERVICE<span class=\"separator-holder separator-right\"><\/span><\/div><\/div><div class=\"gap\" style=\"line-height: 40px; height: 40px;\"><\/div>[vc_accordion][vc_accordion_tab title=&#8221;QUALIT\u00c9&#8221;][vc_column_text]<\/p>\n<ol>\n<li><span style=\"color: #000000;\">Les syst\u00e8mes les plus avanc\u00e9s de fabrication en Europe.<\/span><\/li>\n<li><span style=\"color: #000000;\">Les meilleures mati\u00e8res premi\u00e8res du march\u00e9.<\/span><\/li>\n<li><span style=\"color: #000000;\">La meilleure \u00e9quipe humaine.<\/span><\/li>\n<\/ol>\n<p>[\/vc_column_text][\/vc_accordion_tab][vc_accordion_tab title=&#8221;R + D&#8221;][vc_column_text]<\/p>\n<ol>\n<li><span style=\"color: #000000;\">Am\u00e9lioration continue de nos syst\u00e8mes de fabrication.<\/span><\/li>\n<li><span style=\"color: #000000;\">D\u00e9veloppement de nos produits et services \u00e0 haute valeur ajout\u00e9e.<\/span><\/li>\n<li><span style=\"color: #000000;\">Collaboration avec soci\u00e9t\u00e9s \u00e0 l\u00b4internationale.<\/span><\/li>\n<\/ol>\n<p>[\/vc_column_text][\/vc_accordion_tab][vc_accordion_tab title=&#8221;SERVICE&#8221;][vc_column_text]<\/p>\n<ol>\n<li><span style=\"color: #000000;\">Bureau d\u00b4\u00e9tudes<\/span><\/li>\n<li><span style=\"color: #000000;\">Montage<\/span><\/li>\n<li><span style=\"color: #000000;\">Maintenance<\/span><\/li>\n<li><span style=\"color: #000000;\">Assistance Technique<\/span><\/li>\n<\/ol>\n<p>[\/vc_column_text][\/vc_accordion_tab][vc_accordion_tab title=&#8221;Section&#8221;][\/vc_accordion_tab][\/vc_accordion]<div class=\"gap\" style=\"line-height: 40px; height: 40px;\"><\/div>[\/vc_column][vc_column width=&#8221;1\/3&#8243; animation=&#8221;fade-in&#8221;]<div class=\"dt-fancy-separator h4-size accent-border-color\" style=\"width: 100%;\"><div class=\"dt-fancy-title bg-on\" style=\"color: #ffffff;\"><span class=\"separator-holder separator-left\"><\/span>BUREAU D\u00b4ETUDES<span class=\"separator-holder separator-right\"><\/span><\/div><\/div><div class=\"gap\" style=\"line-height: 40px; height: 40px;\"><\/div>[vc_column_text]<span style=\"color: #000000;\"><span style=\"color: #99cc00;\"><b>SOCAP<\/b>\u00a0<\/span>propose le service de son bureau d\u00b4\u00e9tudes sp\u00e9cialis\u00e9 dans la conception, montage et entretien de tout type d\u00b4installation de stockage et traitement de fluides.<\/span><\/p>\n<p>[\/vc_column_text]<div class=\"gap\" style=\"line-height: 40px; height: 40px;\"><\/div>[vc_column_text]<span style=\"color: #000000;\"><span style=\"color: #99cc00;\"><b>SOCAP<\/b>\u00a0<\/span>propose son service pour la CONCEPTION + FABRICATION + MONTAGE + MAINTENANCE<\/span>[\/vc_column_text][\/vc_column][\/vc_row]<\/p>\n","protected":false},"excerpt":{"rendered":"<p>[vc_row][vc_column][\/vc_column][\/vc_row][vc_row margin_bottom=&#8221;20&#8243;][vc_column animation=&#8221;fade-in&#8221;][\/vc_column][\/vc_row][vc_row margin_top=&#8221;20&#8243; animation=&#8221;left-to-right&#8221;][vc_column width=&#8221;1\/2&#8243;][layerslider_vc id=&#8221;2&#8243;][\/vc_column][vc_column width=&#8221;1\/2&#8243; animation=&#8221;right-to-left&#8221;][vc_column_text] SOCAP fabrique des cuves\u00a0pour des secteurs tr\u00e8s divers entre lesquels se trouvent: DIVISION HYDROCARBURES SOCAP est leader dans la march\u00e9 des cuves \u00e0 double paroi en polyester pour le stockage d\u00b4hydrocarbures DIVISION\u00a0INDUSTRIELLE SOCAP con\u00e7oit, fabrique et distribue des \u00e9quipements pour le stockage et manipulation de tout&hellip;<\/p>\n","protected":false},"author":1,"featured_media":0,"parent":0,"menu_order":1,"comment_status":"closed","ping_status":"closed","template":"","meta":{"_exactmetrics_skip_tracking":false,"_exactmetrics_sitenote_active":false,"_exactmetrics_sitenote_note":"","_exactmetrics_sitenote_category":0,"footnotes":""},"class_list":["post-23080","page","type-page","status-publish","hentry","description-off"],"yoast_head":"<!-- This site is optimized with the Yoast SEO plugin v27.6 - https:\/\/yoast.com\/product\/yoast-seo-wordpress\/ -->\n<title>ACCUEIL - SOCAP<\/title>\n<meta name=\"robots\" content=\"index, follow, max-snippet:-1, max-image-preview:large, max-video-preview:-1\" \/>\n<link rel=\"canonical\" href=\"https:\/\/socap.es\/fr\/\" \/>\n<meta property=\"og:locale\" content=\"fr_FR\" \/>\n<meta property=\"og:type\" content=\"article\" \/>\n<meta property=\"og:title\" content=\"ACCUEIL - SOCAP\" \/>\n<meta property=\"og:description\" content=\"[vc_row][vc_column][\/vc_column][\/vc_row][vc_row margin_bottom=&#8221;20&#8243;][vc_column animation=&#8221;fade-in&#8221;][\/vc_column][\/vc_row][vc_row margin_top=&#8221;20&#8243; animation=&#8221;left-to-right&#8221;][vc_column width=&#8221;1\/2&#8243;][layerslider_vc id=&#8221;2&#8243;][\/vc_column][vc_column width=&#8221;1\/2&#8243; animation=&#8221;right-to-left&#8221;][vc_column_text] SOCAP fabrique des cuves\u00a0pour des secteurs tr\u00e8s divers entre lesquels se trouvent: DIVISION HYDROCARBURES SOCAP est leader dans la march\u00e9 des cuves \u00e0 double paroi en polyester pour le stockage d\u00b4hydrocarbures DIVISION\u00a0INDUSTRIELLE SOCAP con\u00e7oit, fabrique et distribue des \u00e9quipements pour le stockage et manipulation de tout&hellip;\" \/>\n<meta property=\"og:url\" content=\"https:\/\/socap.es\/fr\/\" \/>\n<meta property=\"og:site_name\" content=\"SOCAP\" \/>\n<meta property=\"article:modified_time\" content=\"2023-06-26T14:15:48+00:00\" \/>\n<meta name=\"twitter:label1\" content=\"Est. reading time\" \/>\n\t<meta name=\"twitter:data1\" content=\"3 minutes\" \/>\n<script type=\"application\/ld+json\" class=\"yoast-schema-graph\">{\"@context\":\"https:\\\/\\\/schema.org\",\"@graph\":[{\"@type\":\"WebPage\",\"@id\":\"https:\\\/\\\/socap.es\\\/fr\\\/\",\"url\":\"https:\\\/\\\/socap.es\\\/fr\\\/\",\"name\":\"ACCUEIL - SOCAP\",\"isPartOf\":{\"@id\":\"https:\\\/\\\/socap.es\\\/#website\"},\"datePublished\":\"2014-10-11T17:50:29+00:00\",\"dateModified\":\"2023-06-26T14:15:48+00:00\",\"breadcrumb\":{\"@id\":\"https:\\\/\\\/socap.es\\\/fr\\\/#breadcrumb\"},\"inLanguage\":\"fr-FR\",\"potentialAction\":[{\"@type\":\"ReadAction\",\"target\":[\"https:\\\/\\\/socap.es\\\/fr\\\/\"]}]},{\"@type\":\"BreadcrumbList\",\"@id\":\"https:\\\/\\\/socap.es\\\/fr\\\/#breadcrumb\",\"itemListElement\":[{\"@type\":\"ListItem\",\"position\":1,\"name\":\"Portada\",\"item\":\"https:\\\/\\\/socap.es\\\/fr\\\/\"},{\"@type\":\"ListItem\",\"position\":2,\"name\":\"ACCUEIL\"}]},{\"@type\":\"WebSite\",\"@id\":\"https:\\\/\\\/socap.es\\\/#website\",\"url\":\"https:\\\/\\\/socap.es\\\/\",\"name\":\"SOCAP\",\"description\":\"Dep\u00f3sitos en polyester\",\"publisher\":{\"@id\":\"https:\\\/\\\/socap.es\\\/#organization\"},\"potentialAction\":[{\"@type\":\"SearchAction\",\"target\":{\"@type\":\"EntryPoint\",\"urlTemplate\":\"https:\\\/\\\/socap.es\\\/?s={search_term_string}\"},\"query-input\":{\"@type\":\"PropertyValueSpecification\",\"valueRequired\":true,\"valueName\":\"search_term_string\"}}],\"inLanguage\":\"fr-FR\"},{\"@type\":\"Organization\",\"@id\":\"https:\\\/\\\/socap.es\\\/#organization\",\"name\":\"SOCAP\",\"url\":\"https:\\\/\\\/socap.es\\\/\",\"logo\":{\"@type\":\"ImageObject\",\"inLanguage\":\"fr-FR\",\"@id\":\"https:\\\/\\\/socap.es\\\/#\\\/schema\\\/logo\\\/image\\\/\",\"url\":\"https:\\\/\\\/socap.es\\\/wp-content\\\/uploads\\\/logo-SOCAP-tr-tx-con-texto1.png\",\"contentUrl\":\"https:\\\/\\\/socap.es\\\/wp-content\\\/uploads\\\/logo-SOCAP-tr-tx-con-texto1.png\",\"width\":284,\"height\":102,\"caption\":\"SOCAP\"},\"image\":{\"@id\":\"https:\\\/\\\/socap.es\\\/#\\\/schema\\\/logo\\\/image\\\/\"}}]}<\/script>\n<!-- \/ Yoast SEO plugin. -->","yoast_head_json":{"title":"ACCUEIL - SOCAP","robots":{"index":"index","follow":"follow","max-snippet":"max-snippet:-1","max-image-preview":"max-image-preview:large","max-video-preview":"max-video-preview:-1"},"canonical":"https:\/\/socap.es\/fr\/","og_locale":"fr_FR","og_type":"article","og_title":"ACCUEIL - SOCAP","og_description":"[vc_row][vc_column][\/vc_column][\/vc_row][vc_row margin_bottom=&#8221;20&#8243;][vc_column animation=&#8221;fade-in&#8221;][\/vc_column][\/vc_row][vc_row margin_top=&#8221;20&#8243; animation=&#8221;left-to-right&#8221;][vc_column width=&#8221;1\/2&#8243;][layerslider_vc id=&#8221;2&#8243;][\/vc_column][vc_column width=&#8221;1\/2&#8243; animation=&#8221;right-to-left&#8221;][vc_column_text] SOCAP fabrique des cuves\u00a0pour des secteurs tr\u00e8s divers entre lesquels se trouvent: DIVISION HYDROCARBURES SOCAP est leader dans la march\u00e9 des cuves \u00e0 double paroi en polyester pour le stockage d\u00b4hydrocarbures DIVISION\u00a0INDUSTRIELLE SOCAP con\u00e7oit, fabrique et distribue des \u00e9quipements pour le stockage et manipulation de tout&hellip;","og_url":"https:\/\/socap.es\/fr\/","og_site_name":"SOCAP","article_modified_time":"2023-06-26T14:15:48+00:00","twitter_misc":{"Est. reading time":"3 minutes"},"schema":{"@context":"https:\/\/schema.org","@graph":[{"@type":"WebPage","@id":"https:\/\/socap.es\/fr\/","url":"https:\/\/socap.es\/fr\/","name":"ACCUEIL - SOCAP","isPartOf":{"@id":"https:\/\/socap.es\/#website"},"datePublished":"2014-10-11T17:50:29+00:00","dateModified":"2023-06-26T14:15:48+00:00","breadcrumb":{"@id":"https:\/\/socap.es\/fr\/#breadcrumb"},"inLanguage":"fr-FR","potentialAction":[{"@type":"ReadAction","target":["https:\/\/socap.es\/fr\/"]}]},{"@type":"BreadcrumbList","@id":"https:\/\/socap.es\/fr\/#breadcrumb","itemListElement":[{"@type":"ListItem","position":1,"name":"Portada","item":"https:\/\/socap.es\/fr\/"},{"@type":"ListItem","position":2,"name":"ACCUEIL"}]},{"@type":"WebSite","@id":"https:\/\/socap.es\/#website","url":"https:\/\/socap.es\/","name":"SOCAP","description":"Dep\u00f3sitos en polyester","publisher":{"@id":"https:\/\/socap.es\/#organization"},"potentialAction":[{"@type":"SearchAction","target":{"@type":"EntryPoint","urlTemplate":"https:\/\/socap.es\/?s={search_term_string}"},"query-input":{"@type":"PropertyValueSpecification","valueRequired":true,"valueName":"search_term_string"}}],"inLanguage":"fr-FR"},{"@type":"Organization","@id":"https:\/\/socap.es\/#organization","name":"SOCAP","url":"https:\/\/socap.es\/","logo":{"@type":"ImageObject","inLanguage":"fr-FR","@id":"https:\/\/socap.es\/#\/schema\/logo\/image\/","url":"https:\/\/socap.es\/wp-content\/uploads\/logo-SOCAP-tr-tx-con-texto1.png","contentUrl":"https:\/\/socap.es\/wp-content\/uploads\/logo-SOCAP-tr-tx-con-texto1.png","width":284,"height":102,"caption":"SOCAP"},"image":{"@id":"https:\/\/socap.es\/#\/schema\/logo\/image\/"}}]}},"_links":{"self":[{"href":"https:\/\/socap.es\/fr\/wp-json\/wp\/v2\/pages\/23080","targetHints":{"allow":["GET"]}}],"collection":[{"href":"https:\/\/socap.es\/fr\/wp-json\/wp\/v2\/pages"}],"about":[{"href":"https:\/\/socap.es\/fr\/wp-json\/wp\/v2\/types\/page"}],"author":[{"embeddable":true,"href":"https:\/\/socap.es\/fr\/wp-json\/wp\/v2\/users\/1"}],"replies":[{"embeddable":true,"href":"https:\/\/socap.es\/fr\/wp-json\/wp\/v2\/comments?post=23080"}],"version-history":[{"count":13,"href":"https:\/\/socap.es\/fr\/wp-json\/wp\/v2\/pages\/23080\/revisions"}],"predecessor-version":[{"id":23439,"href":"https:\/\/socap.es\/fr\/wp-json\/wp\/v2\/pages\/23080\/revisions\/23439"}],"wp:attachment":[{"href":"https:\/\/socap.es\/fr\/wp-json\/wp\/v2\/media?parent=23080"}],"curies":[{"name":"wp","href":"https:\/\/api.w.org\/{rel}","templated":true}]}}