{"id":23189,"date":"2014-10-12T13:46:16","date_gmt":"2014-10-12T13:46:16","guid":{"rendered":"http:\/\/socap.es\/?page_id=23189"},"modified":"2014-11-18T16:45:45","modified_gmt":"2014-11-18T16:45:45","slug":"hidrocarbures-equipements-pour-stockage-et-traitement-deaux","status":"publish","type":"page","link":"https:\/\/socap.es\/fr\/hidrocarbures-equipements-pour-stockage-et-traitement-deaux\/","title":{"rendered":"HYDROCARBURES &#8211; Equipements pour stockage et traitement d\u00b4eaux"},"content":{"rendered":"<p>[vc_row][vc_column width=&#8221;1\/2&#8243;][layerslider_vc id=&#8221;3&#8243;][\/vc_column][vc_column width=&#8221;1\/2&#8243;][vc_column_text]<span style=\"color: #000000;\"><strong><span style=\"color: #99cc00;\"><div class=\"gap\" style=\"line-height: 5px; height: 5px;\"><\/div><\/span><\/strong><\/span><\/p>\n<p><span style=\"color: #000000;\"><span style=\"color: #99cc00;\"><strong>DANS LE SECTEUR DES HIDROCARBURES<\/strong><\/span>, SOCAP est leader du march\u00e9 avec des cuves\u00a0\u00e0 double peau. Ses principales avantages sont la haute performance du point de vue mecanique et la s\u00e9curit\u00e9 et protection de l\u00b4environnement assur\u00e9e par les \u00e9quipements.<\/span><\/p>\n<p><span style=\"color: #000000;\">SOCAP propose une ample gamme de produits:<\/span><\/p>\n<p><span style=\"color: #000000;\">&#8211; Coffrets \u00e9tanches pour acc\u00e8s aux cuves<\/span><\/p>\n<p><span style=\"color: #000000;\">&#8211; S\u00e9parateur d\u00b4hydrocarbures<\/span><\/p>\n<p><span style=\"color: #000000;\">&#8211; Cuves\u00a0pour le stockage d\u00b4eaux<\/span><\/p>\n<p><span style=\"color: #000000;\">&#8211; Stations d\u00b4\u00e9puration<\/span><\/p>\n<p><span style=\"color: #000000;\">&#8230;etc.<\/span><\/p>\n<p><span style=\"color: #000000;\">Parmis nos clients se trouvent les compagnies les plus importantes du secteur, grandes surfaces de distribution&#8230;etc.<\/span>[\/vc_column_text][\/vc_column][\/vc_row][vc_row][vc_column width=&#8221;1\/1&#8243;]<div class=\"gap\" style=\"line-height: 50px; height: 50px;\"><\/div>[vc_row_inner][vc_column_inner width=&#8221;1\/1&#8243;]<div class=\"dt-fancy-separator h3-size\" style=\"width: 100%;\"><div class=\"dt-fancy-title bg-on\" style=\"color: #ffffff;background-color: #1e73be;\"><span class=\"separator-holder separator-left\" style=\"border-color: #1e73be;\"><\/span>Equipements pour stockage et traitement d\u00b4eaux<span class=\"separator-holder separator-right\" style=\"border-color: #1e73be;\"><\/span><\/div><\/div><div class=\"gap\" style=\"line-height: 30px; height: 30px;\"><\/div>[\/vc_column_inner][\/vc_row_inner][\/vc_column][\/vc_row][vc_row][vc_column width=&#8221;1\/4&#8243;][vc_single_image image=&#8221;23022&#8243; css_animation=&#8221;right-to-left&#8221; border_color=&#8221;grey&#8221; img_link_target=&#8221;_self&#8221; alignment=&#8221;center&#8221; style=&#8221;vc_box_shadow&#8221; img_size=&#8221;400&#215;400&#8243;][\/vc_column][vc_column width=&#8221;3\/4&#8243;][vc_column_text]<span style=\"color: #000000;\">SOCAP propose une large gamme d&#8217;\u00e9quipements \u00e0 la fois pour stockage de l&#8217;eau (potable , incendie , osmose , &#8230; ) n\u00e9cessaire \u00e0 la station-service, et pour le traitement des eaux us\u00e9es produites dans le m\u00eame .<\/span><\/p>\n<p><span style=\"color: #000000;\">Dans la gamme de produits on retrouve:<\/span><\/p>\n<p><strong><span style=\"color: #000000;\">&#8211; R\u00e9servoirs de stockage enterr\u00e9s ou a\u00e9riens.<\/span><\/strong><br \/>\n<strong><span style=\"color: #000000;\">&#8211; S\u00e9parateurs d&#8217;hydrocarbures .<\/span><\/strong><br \/>\n<strong><span style=\"color: #000000;\">&#8211; Unit\u00e9s de purification .<\/span><\/strong><\/p>\n<p><span style=\"color: #000000;\">Tous ces \u00e9quipements sont con\u00e7us et fabriqu\u00e9s selon les normes de qualit\u00e9 attendues de SOCAP, qui garantissent la plus haute performance de fonctionnement.<\/span>[\/vc_column_text][\/vc_column][\/vc_row][vc_row][vc_column width=&#8221;1\/1&#8243;]<div class=\"gap\" style=\"line-height: 50px; height: 50px;\"><\/div>[vc_row_inner][vc_column_inner width=&#8221;1\/1&#8243;]<div class=\"dt-fancy-separator h3-size\" style=\"width: 100%;\"><div class=\"dt-fancy-title bg-on\" style=\"color: #ffffff;background-color: #1e73be;\"><span class=\"separator-holder separator-left\" style=\"border-color: #1e73be;\"><\/span>TABLEAUX DES DIMENSIONS - S\u00e9lectionnez votre produit<span class=\"separator-holder separator-right\" style=\"border-color: #1e73be;\"><\/span><\/div><\/div>[\/vc_column_inner][\/vc_row_inner][\/vc_column][\/vc_row][vc_row margin_top=&#8221;0&#8243; margin_bottom=&#8221;0&#8243; padding_left=&#8221;40&#8243; padding_right=&#8221;40&#8243; type=&#8221;5&#8243; bg_color=&#8221;#ffffff&#8221; bg_position=&#8221;top&#8221; bg_repeat=&#8221;no-repeat&#8221; bg_cover=&#8221;false&#8221; bg_attachment=&#8221;false&#8221; padding_top=&#8221;40&#8243; padding_bottom=&#8221;40&#8243; parallax_speed=&#8221;0.1&#8243;][vc_column width=&#8221;1\/1&#8243;][vc_accordion][vc_accordion_tab title=&#8221; Type SP &#8211; D\u00e9p\u00f4t horizontal enterr\u00e9 \u00e0 simple peau&#8221;][vc_row_inner][vc_column_inner width=&#8221;1\/2&#8243;][vc_single_image image=&#8221;22983&#8243; border_color=&#8221;grey&#8221; img_link_target=&#8221;_self&#8221; img_size=&#8221;large&#8221;][\/vc_column_inner][vc_column_inner width=&#8221;1\/2&#8243;][vc_single_image image=&#8221;23031&#8243; css_animation=&#8221;right-to-left&#8221; border_color=&#8221;grey&#8221; img_link_target=&#8221;_self&#8221; alignment=&#8221;center&#8221; style=&#8221;vc_box_shadow&#8221; img_size=&#8221;400&#215;400&#8243;][\/vc_column_inner][\/vc_row_inner][\/vc_accordion_tab][vc_accordion_tab title=&#8221;Type SHC &#8211; S\u00e9parateur d\u00b4hidrocarbures&#8221;][vc_row_inner][vc_column_inner width=&#8221;1\/2&#8243;][vc_single_image image=&#8221;22980&#8243; css_animation=&#8221;right-to-left&#8221; border_color=&#8221;grey&#8221; img_link_target=&#8221;_self&#8221; alignment=&#8221;center&#8221; style=&#8221;vc_box_shadow&#8221; img_size=&#8221;large&#8221;][\/vc_column_inner][vc_column_inner width=&#8221;1\/2&#8243;][vc_single_image image=&#8221;23025&#8243; css_animation=&#8221;right-to-left&#8221; border_color=&#8221;grey&#8221; img_link_target=&#8221;_self&#8221; alignment=&#8221;center&#8221; style=&#8221;vc_box_shadow&#8221; img_size=&#8221;400&#215;400&#8243;][\/vc_column_inner][\/vc_row_inner][\/vc_accordion_tab][vc_accordion_tab title=&#8221;Type FS &#8211; Fosse septique &#8220;][vc_row_inner][vc_column_inner width=&#8221;1\/2&#8243;][vc_single_image image=&#8221;23004&#8243; css_animation=&#8221;right-to-left&#8221; border_color=&#8221;grey&#8221; img_link_target=&#8221;_self&#8221; alignment=&#8221;center&#8221; style=&#8221;vc_box_shadow&#8221; img_size=&#8221;400&#215;400&#8243;][\/vc_column_inner][vc_column_inner width=&#8221;1\/2&#8243;][vc_single_image image=&#8221;23022&#8243; css_animation=&#8221;right-to-left&#8221; border_color=&#8221;grey&#8221; img_link_target=&#8221;_self&#8221; alignment=&#8221;center&#8221; style=&#8221;vc_box_shadow&#8221; img_size=&#8221;400&#215;400&#8243;][\/vc_column_inner][\/vc_row_inner][\/vc_accordion_tab][\/vc_accordion]<div class=\"gap\" style=\"line-height: 50px; height: 50px;\"><\/div>[\/vc_column][\/vc_row]<\/p>\n","protected":false},"excerpt":{"rendered":"<p>[vc_row][vc_column width=&#8221;1\/2&#8243;][layerslider_vc id=&#8221;3&#8243;][\/vc_column][vc_column width=&#8221;1\/2&#8243;][vc_column_text] DANS LE SECTEUR DES HIDROCARBURES, SOCAP est leader du march\u00e9 avec des cuves\u00a0\u00e0 double peau. Ses principales avantages sont la haute performance du point de vue mecanique et la s\u00e9curit\u00e9 et protection de l\u00b4environnement assur\u00e9e par les \u00e9quipements. SOCAP propose une ample gamme de produits: &#8211; Coffrets \u00e9tanches pour acc\u00e8s aux&hellip;<\/p>\n","protected":false},"author":1,"featured_media":0,"parent":0,"menu_order":0,"comment_status":"closed","ping_status":"closed","template":"","meta":{"_exactmetrics_skip_tracking":false,"_exactmetrics_sitenote_active":false,"_exactmetrics_sitenote_note":"","_exactmetrics_sitenote_category":0,"footnotes":""},"class_list":["post-23189","page","type-page","status-publish","hentry","description-off"],"yoast_head":"<!-- This site is optimized with the Yoast SEO plugin v27.5 - https:\/\/yoast.com\/product\/yoast-seo-wordpress\/ -->\n<title>HYDROCARBURES - Equipements pour stockage et traitement d\u00b4eaux - SOCAP<\/title>\n<meta name=\"robots\" content=\"index, follow, max-snippet:-1, max-image-preview:large, max-video-preview:-1\" \/>\n<link rel=\"canonical\" href=\"https:\/\/socap.es\/fr\/hidrocarbures-equipements-pour-stockage-et-traitement-deaux\/\" \/>\n<meta property=\"og:locale\" content=\"fr_FR\" \/>\n<meta property=\"og:type\" content=\"article\" \/>\n<meta property=\"og:title\" content=\"HYDROCARBURES - Equipements pour stockage et traitement d\u00b4eaux - SOCAP\" \/>\n<meta property=\"og:description\" content=\"[vc_row][vc_column width=&#8221;1\/2&#8243;][layerslider_vc id=&#8221;3&#8243;][\/vc_column][vc_column width=&#8221;1\/2&#8243;][vc_column_text] DANS LE SECTEUR DES HIDROCARBURES, SOCAP est leader du march\u00e9 avec des cuves\u00a0\u00e0 double peau. Ses principales avantages sont la haute performance du point de vue mecanique et la s\u00e9curit\u00e9 et protection de l\u00b4environnement assur\u00e9e par les \u00e9quipements. SOCAP propose une ample gamme de produits: &#8211; Coffrets \u00e9tanches pour acc\u00e8s aux&hellip;\" \/>\n<meta property=\"og:url\" content=\"https:\/\/socap.es\/fr\/hidrocarbures-equipements-pour-stockage-et-traitement-deaux\/\" \/>\n<meta property=\"og:site_name\" content=\"SOCAP\" \/>\n<meta property=\"article:modified_time\" content=\"2014-11-18T16:45:45+00:00\" \/>\n<meta name=\"twitter:label1\" content=\"Est. reading time\" \/>\n\t<meta name=\"twitter:data1\" content=\"3 minutes\" \/>\n<script type=\"application\/ld+json\" class=\"yoast-schema-graph\">{\"@context\":\"https:\\\/\\\/schema.org\",\"@graph\":[{\"@type\":\"WebPage\",\"@id\":\"https:\\\/\\\/socap.es\\\/fr\\\/hidrocarbures-equipements-pour-stockage-et-traitement-deaux\\\/\",\"url\":\"https:\\\/\\\/socap.es\\\/fr\\\/hidrocarbures-equipements-pour-stockage-et-traitement-deaux\\\/\",\"name\":\"HYDROCARBURES - Equipements pour stockage et traitement d\u00b4eaux - SOCAP\",\"isPartOf\":{\"@id\":\"https:\\\/\\\/socap.es\\\/#website\"},\"datePublished\":\"2014-10-12T13:46:16+00:00\",\"dateModified\":\"2014-11-18T16:45:45+00:00\",\"breadcrumb\":{\"@id\":\"https:\\\/\\\/socap.es\\\/fr\\\/hidrocarbures-equipements-pour-stockage-et-traitement-deaux\\\/#breadcrumb\"},\"inLanguage\":\"fr-FR\",\"potentialAction\":[{\"@type\":\"ReadAction\",\"target\":[\"https:\\\/\\\/socap.es\\\/fr\\\/hidrocarbures-equipements-pour-stockage-et-traitement-deaux\\\/\"]}]},{\"@type\":\"BreadcrumbList\",\"@id\":\"https:\\\/\\\/socap.es\\\/fr\\\/hidrocarbures-equipements-pour-stockage-et-traitement-deaux\\\/#breadcrumb\",\"itemListElement\":[{\"@type\":\"ListItem\",\"position\":1,\"name\":\"Portada\",\"item\":\"https:\\\/\\\/socap.es\\\/fr\\\/\"},{\"@type\":\"ListItem\",\"position\":2,\"name\":\"HYDROCARBURES &#8211; Equipements pour stockage et traitement d\u00b4eaux\"}]},{\"@type\":\"WebSite\",\"@id\":\"https:\\\/\\\/socap.es\\\/#website\",\"url\":\"https:\\\/\\\/socap.es\\\/\",\"name\":\"SOCAP\",\"description\":\"Dep\u00f3sitos en polyester\",\"publisher\":{\"@id\":\"https:\\\/\\\/socap.es\\\/#organization\"},\"potentialAction\":[{\"@type\":\"SearchAction\",\"target\":{\"@type\":\"EntryPoint\",\"urlTemplate\":\"https:\\\/\\\/socap.es\\\/?s={search_term_string}\"},\"query-input\":{\"@type\":\"PropertyValueSpecification\",\"valueRequired\":true,\"valueName\":\"search_term_string\"}}],\"inLanguage\":\"fr-FR\"},{\"@type\":\"Organization\",\"@id\":\"https:\\\/\\\/socap.es\\\/#organization\",\"name\":\"SOCAP\",\"url\":\"https:\\\/\\\/socap.es\\\/\",\"logo\":{\"@type\":\"ImageObject\",\"inLanguage\":\"fr-FR\",\"@id\":\"https:\\\/\\\/socap.es\\\/#\\\/schema\\\/logo\\\/image\\\/\",\"url\":\"https:\\\/\\\/socap.es\\\/wp-content\\\/uploads\\\/logo-SOCAP-tr-tx-con-texto1.png\",\"contentUrl\":\"https:\\\/\\\/socap.es\\\/wp-content\\\/uploads\\\/logo-SOCAP-tr-tx-con-texto1.png\",\"width\":284,\"height\":102,\"caption\":\"SOCAP\"},\"image\":{\"@id\":\"https:\\\/\\\/socap.es\\\/#\\\/schema\\\/logo\\\/image\\\/\"}}]}<\/script>\n<!-- \/ Yoast SEO plugin. -->","yoast_head_json":{"title":"HYDROCARBURES - Equipements pour stockage et traitement d\u00b4eaux - SOCAP","robots":{"index":"index","follow":"follow","max-snippet":"max-snippet:-1","max-image-preview":"max-image-preview:large","max-video-preview":"max-video-preview:-1"},"canonical":"https:\/\/socap.es\/fr\/hidrocarbures-equipements-pour-stockage-et-traitement-deaux\/","og_locale":"fr_FR","og_type":"article","og_title":"HYDROCARBURES - Equipements pour stockage et traitement d\u00b4eaux - SOCAP","og_description":"[vc_row][vc_column width=&#8221;1\/2&#8243;][layerslider_vc id=&#8221;3&#8243;][\/vc_column][vc_column width=&#8221;1\/2&#8243;][vc_column_text] DANS LE SECTEUR DES HIDROCARBURES, SOCAP est leader du march\u00e9 avec des cuves\u00a0\u00e0 double peau. Ses principales avantages sont la haute performance du point de vue mecanique et la s\u00e9curit\u00e9 et protection de l\u00b4environnement assur\u00e9e par les \u00e9quipements. SOCAP propose une ample gamme de produits: &#8211; Coffrets \u00e9tanches pour acc\u00e8s aux&hellip;","og_url":"https:\/\/socap.es\/fr\/hidrocarbures-equipements-pour-stockage-et-traitement-deaux\/","og_site_name":"SOCAP","article_modified_time":"2014-11-18T16:45:45+00:00","twitter_misc":{"Est. reading time":"3 minutes"},"schema":{"@context":"https:\/\/schema.org","@graph":[{"@type":"WebPage","@id":"https:\/\/socap.es\/fr\/hidrocarbures-equipements-pour-stockage-et-traitement-deaux\/","url":"https:\/\/socap.es\/fr\/hidrocarbures-equipements-pour-stockage-et-traitement-deaux\/","name":"HYDROCARBURES - Equipements pour stockage et traitement d\u00b4eaux - SOCAP","isPartOf":{"@id":"https:\/\/socap.es\/#website"},"datePublished":"2014-10-12T13:46:16+00:00","dateModified":"2014-11-18T16:45:45+00:00","breadcrumb":{"@id":"https:\/\/socap.es\/fr\/hidrocarbures-equipements-pour-stockage-et-traitement-deaux\/#breadcrumb"},"inLanguage":"fr-FR","potentialAction":[{"@type":"ReadAction","target":["https:\/\/socap.es\/fr\/hidrocarbures-equipements-pour-stockage-et-traitement-deaux\/"]}]},{"@type":"BreadcrumbList","@id":"https:\/\/socap.es\/fr\/hidrocarbures-equipements-pour-stockage-et-traitement-deaux\/#breadcrumb","itemListElement":[{"@type":"ListItem","position":1,"name":"Portada","item":"https:\/\/socap.es\/fr\/"},{"@type":"ListItem","position":2,"name":"HYDROCARBURES &#8211; Equipements pour stockage et traitement d\u00b4eaux"}]},{"@type":"WebSite","@id":"https:\/\/socap.es\/#website","url":"https:\/\/socap.es\/","name":"SOCAP","description":"Dep\u00f3sitos en polyester","publisher":{"@id":"https:\/\/socap.es\/#organization"},"potentialAction":[{"@type":"SearchAction","target":{"@type":"EntryPoint","urlTemplate":"https:\/\/socap.es\/?s={search_term_string}"},"query-input":{"@type":"PropertyValueSpecification","valueRequired":true,"valueName":"search_term_string"}}],"inLanguage":"fr-FR"},{"@type":"Organization","@id":"https:\/\/socap.es\/#organization","name":"SOCAP","url":"https:\/\/socap.es\/","logo":{"@type":"ImageObject","inLanguage":"fr-FR","@id":"https:\/\/socap.es\/#\/schema\/logo\/image\/","url":"https:\/\/socap.es\/wp-content\/uploads\/logo-SOCAP-tr-tx-con-texto1.png","contentUrl":"https:\/\/socap.es\/wp-content\/uploads\/logo-SOCAP-tr-tx-con-texto1.png","width":284,"height":102,"caption":"SOCAP"},"image":{"@id":"https:\/\/socap.es\/#\/schema\/logo\/image\/"}}]}},"_links":{"self":[{"href":"https:\/\/socap.es\/fr\/wp-json\/wp\/v2\/pages\/23189","targetHints":{"allow":["GET"]}}],"collection":[{"href":"https:\/\/socap.es\/fr\/wp-json\/wp\/v2\/pages"}],"about":[{"href":"https:\/\/socap.es\/fr\/wp-json\/wp\/v2\/types\/page"}],"author":[{"embeddable":true,"href":"https:\/\/socap.es\/fr\/wp-json\/wp\/v2\/users\/1"}],"replies":[{"embeddable":true,"href":"https:\/\/socap.es\/fr\/wp-json\/wp\/v2\/comments?post=23189"}],"version-history":[{"count":8,"href":"https:\/\/socap.es\/fr\/wp-json\/wp\/v2\/pages\/23189\/revisions"}],"predecessor-version":[{"id":23358,"href":"https:\/\/socap.es\/fr\/wp-json\/wp\/v2\/pages\/23189\/revisions\/23358"}],"wp:attachment":[{"href":"https:\/\/socap.es\/fr\/wp-json\/wp\/v2\/media?parent=23189"}],"curies":[{"name":"wp","href":"https:\/\/api.w.org\/{rel}","templated":true}]}}