{"id":23198,"date":"2014-10-12T13:49:50","date_gmt":"2014-10-12T13:49:50","guid":{"rendered":"http:\/\/socap.es\/?page_id=23198"},"modified":"2014-11-18T16:31:20","modified_gmt":"2014-11-18T16:31:20","slug":"industrie-depots-pour-stockage-de-fluides","status":"publish","type":"page","link":"https:\/\/socap.es\/fr\/industrie-depots-pour-stockage-de-fluides\/","title":{"rendered":"INDUSTRIE: Cuves pour stockage de fluides"},"content":{"rendered":"<p>[vc_row][vc_column width=&#8221;1\/2&#8243;][layerslider_vc id=&#8221;4&#8243;][\/vc_column][vc_column width=&#8221;1\/2&#8243;][vc_column_text]<span style=\"color: #000000;\"><strong><span style=\"color: #99cc00;\"><div class=\"gap\" style=\"line-height: 5px; height: 5px;\"><\/div><\/span><\/strong><\/span><\/p>\n<p><span style=\"color: #000000;\"><strong><span style=\"color: #99cc00;\">DANS LE SECTEUR INDUSTRIEL<\/span><\/strong>, SOCAP con\u00e7oit, fabrique et commercialise des \u00e9quipements pour le stockage et la manutention de tous types de produits chimiques, alimentation, de l&#8217;eau et en particulier les fluides dangereux toxiques et corrosifs.<\/span><\/p>\n<p><span style=\"color: #000000;\">SOCAP propose la plus large gamme de r\u00e9servoirs de stockage de liquides en polyester renforc\u00e9 de fibre de verre, \u00e0 peau simple et double: r\u00e9servoirs verticaux et horizontaux, a\u00e9riens et enterr\u00e9s.<\/span><\/p>\n<p><span style=\"color: #000000;\">Nos clients sont des entreprises industrielles, chimiques , alimentaires et de traitement de l&#8217;eau.<\/span>[\/vc_column_text][\/vc_column][\/vc_row][vc_row][vc_column width=&#8221;1\/1&#8243;]<div class=\"gap\" style=\"line-height: 50px; height: 50px;\"><\/div>[vc_row_inner][vc_column_inner width=&#8221;1\/1&#8243;]<div class=\"dt-fancy-separator h3-size\" style=\"width: 100%;\"><div class=\"dt-fancy-title bg-on\" style=\"color: #ffffff;background-color: #1e73be;\"><span class=\"separator-holder separator-left\" style=\"border-color: #1e73be;\"><\/span>Cuves pour stockage de fluides<span class=\"separator-holder separator-right\" style=\"border-color: #1e73be;\"><\/span><\/div><\/div><div class=\"gap\" style=\"line-height: 30px; height: 30px;\"><\/div>[\/vc_column_inner][\/vc_row_inner][\/vc_column][\/vc_row][vc_row][vc_column width=&#8221;1\/3&#8243;][vc_single_image image=&#8221;22932&#8243; border_color=&#8221;grey&#8221; img_link_target=&#8221;_self&#8221; img_size=&#8221;large&#8221;][\/vc_column][vc_column width=&#8221;2\/3&#8243;][vc_column_text]<span style=\"color: #000000;\">Il y a plus de 50 ans que SOCAP con\u00e7oit et fabrique une large gamme de r\u00e9servoirs de stockage de fluides. SOCAP fabrique une gamme qui va des r\u00e9servoirs d&#8217;eau les plus simples jusqu&#8217;\u00e0ux r\u00e9servoirs de stockage de produits chimiques les plus dangereux .<\/span><\/p>\n<p><span style=\"color: #000000;\">C&#8217;est dans ce domaine des fluides de haute performance que SOCAP d\u00e9montre son exp\u00e9rience par des processus de fabrication sophistiqu\u00e9s et la haute qualification de son personnel afin d&#8217;assurer un maximum de qualit\u00e9 et de s\u00e9curit\u00e9 pour ses clients .<\/span><\/p>\n<p><span style=\"color: #000000;\">SOCAP dispose d&#8217;une large gamme de produits pour le stockage des fluides: des r\u00e9servoirs a\u00e9riens et enterr\u00e9s, verticaux et horizontaux, avec pattes ou fonds plats.<\/span><\/p>\n<p><span style=\"color: #000000;\">Il y a toujours un produit SOCAP qui r\u00e9pond aux besoins de nos clients.<\/span>[\/vc_column_text][\/vc_column][\/vc_row][vc_row][vc_column width=&#8221;1\/1&#8243;]<div class=\"gap\" style=\"line-height: 50px; height: 50px;\"><\/div>[vc_row_inner][vc_column_inner width=&#8221;1\/1&#8243;]<div class=\"dt-fancy-separator h3-size\" style=\"width: 100%;\"><div class=\"dt-fancy-title bg-on\" style=\"color: #ffffff;background-color: #1e73be;\"><span class=\"separator-holder separator-left\" style=\"border-color: #1e73be;\"><\/span>TABLEAUX DES DIMENSIONS - S\u00e9lectionnez votre produit<span class=\"separator-holder separator-right\" style=\"border-color: #1e73be;\"><\/span><\/div><\/div>[\/vc_column_inner][\/vc_row_inner][\/vc_column][\/vc_row][vc_row margin_top=&#8221;0&#8243; margin_bottom=&#8221;0&#8243; padding_left=&#8221;40&#8243; padding_right=&#8221;40&#8243; type=&#8221;5&#8243; bg_color=&#8221;#ffffff&#8221; bg_position=&#8221;top&#8221; bg_repeat=&#8221;no-repeat&#8221; bg_cover=&#8221;false&#8221; bg_attachment=&#8221;false&#8221; padding_top=&#8221;40&#8243; padding_bottom=&#8221;40&#8243; parallax_speed=&#8221;0.1&#8243;][vc_column width=&#8221;1\/1&#8243;][vc_accordion][vc_accordion_tab title=&#8221;Type CP &#8211; D\u00e9p\u00f4ts curve-plats &#8220;][vc_row_inner][vc_column_inner width=&#8221;1\/2&#8243;][vc_single_image image=&#8221;22995&#8243; border_color=&#8221;grey&#8221; img_link_target=&#8221;_self&#8221; img_size=&#8221;large&#8221;][\/vc_column_inner][vc_column_inner width=&#8221;1\/2&#8243;][vc_single_image image=&#8221;23006&#8243; css_animation=&#8221;right-to-left&#8221; border_color=&#8221;grey&#8221; img_link_target=&#8221;_self&#8221; alignment=&#8221;center&#8221; style=&#8221;vc_box_shadow&#8221; img_size=&#8221;400&#215;400&#8243;][\/vc_column_inner][\/vc_row_inner][\/vc_accordion_tab][vc_accordion_tab title=&#8221;Type VS &#8211; D\u00e9p\u00f4ts verticaux avec pattes. &#8220;][vc_row_inner][vc_column_inner width=&#8221;1\/2&#8243;][vc_single_image image=&#8221;22990&#8243; border_color=&#8221;grey&#8221; img_link_target=&#8221;_self&#8221; img_size=&#8221;large&#8221;][\/vc_column_inner][vc_column_inner width=&#8221;1\/2&#8243;][vc_single_image image=&#8221;23015&#8243; css_animation=&#8221;right-to-left&#8221; border_color=&#8221;grey&#8221; img_link_target=&#8221;_self&#8221; alignment=&#8221;center&#8221; style=&#8221;vc_box_shadow&#8221; img_size=&#8221;400&#215;400&#8243;][\/vc_column_inner][\/vc_row_inner][\/vc_accordion_tab][vc_accordion_tab title=&#8221; Type S &#8211; Silo vertical &#8220;][vc_row_inner][vc_column_inner width=&#8221;1\/2&#8243;][vc_single_image image=&#8221;22975&#8243; border_color=&#8221;grey&#8221; img_link_target=&#8221;_self&#8221; img_size=&#8221;large&#8221;][\/vc_column_inner][vc_column_inner width=&#8221;1\/2&#8243;][vc_single_image image=&#8221;23009&#8243; css_animation=&#8221;right-to-left&#8221; border_color=&#8221;grey&#8221; img_link_target=&#8221;_self&#8221; alignment=&#8221;center&#8221; style=&#8221;vc_box_shadow&#8221; img_size=&#8221;400&#215;400&#8243;][\/vc_column_inner][\/vc_row_inner][\/vc_accordion_tab][vc_accordion_tab title=&#8221; Type TC &#8211; Tronque conique&#8221;][vc_row_inner][vc_column_inner width=&#8221;1\/2&#8243;][vc_single_image image=&#8221;22986&#8243; border_color=&#8221;grey&#8221; img_link_target=&#8221;_self&#8221; img_size=&#8221;large&#8221;][\/vc_column_inner][vc_column_inner width=&#8221;1\/2&#8243;][vc_single_image image=&#8221;23012&#8243; css_animation=&#8221;right-to-left&#8221; border_color=&#8221;grey&#8221; img_link_target=&#8221;_self&#8221; alignment=&#8221;center&#8221; style=&#8221;vc_box_shadow&#8221; img_size=&#8221;400&#215;400&#8243;][\/vc_column_inner][\/vc_row_inner][\/vc_accordion_tab][vc_accordion_tab title=&#8221; Type MTC &#8211; D\u00e9p\u00f4t mi-tronque conique&#8221;][vc_row_inner][vc_column_inner width=&#8221;1\/2&#8243;][vc_single_image image=&#8221;22971&#8243; border_color=&#8221;grey&#8221; img_link_target=&#8221;_self&#8221; img_size=&#8221;large&#8221;][\/vc_column_inner][vc_column_inner width=&#8221;1\/2&#8243;][vc_single_image image=&#8221;23008&#8243; css_animation=&#8221;right-to-left&#8221; border_color=&#8221;grey&#8221; img_link_target=&#8221;_self&#8221; alignment=&#8221;center&#8221; style=&#8221;vc_box_shadow&#8221; img_size=&#8221;400&#215;400&#8243;][\/vc_column_inner][\/vc_row_inner][\/vc_accordion_tab][vc_accordion_tab title=&#8221;Type TP &#8211; D\u00e9p\u00f4t tronque piramidal&#8221;][vc_row_inner][vc_column_inner width=&#8221;1\/2&#8243;][vc_single_image image=&#8221;22988&#8243; border_color=&#8221;grey&#8221; img_link_target=&#8221;_self&#8221; img_size=&#8221;large&#8221;][\/vc_column_inner][vc_column_inner width=&#8221;1\/2&#8243;][vc_single_image image=&#8221;23013&#8243; css_animation=&#8221;right-to-left&#8221; border_color=&#8221;grey&#8221; img_link_target=&#8221;_self&#8221; alignment=&#8221;center&#8221; style=&#8221;vc_box_shadow&#8221; img_size=&#8221;400&#215;400&#8243;][\/vc_column_inner][\/vc_row_inner][\/vc_accordion_tab][vc_accordion_tab title=&#8221; Type MTP &#8211; D\u00e9p\u00f4t mi-tronque piramidal&#8221;][vc_row_inner][vc_column_inner width=&#8221;1\/2&#8243;][vc_single_image image=&#8221;22974&#8243; border_color=&#8221;grey&#8221; img_link_target=&#8221;_self&#8221; img_size=&#8221;large&#8221;][\/vc_column_inner][vc_column_inner width=&#8221;1\/2&#8243;][vc_single_image image=&#8221;23005&#8243; css_animation=&#8221;right-to-left&#8221; border_color=&#8221;grey&#8221; img_link_target=&#8221;_self&#8221; alignment=&#8221;center&#8221; style=&#8221;vc_box_shadow&#8221; img_size=&#8221;400&#215;400&#8243;][\/vc_column_inner][\/vc_row_inner][\/vc_accordion_tab][vc_accordion_tab title=&#8221;Type HS &#8211; D\u00e9p\u00f4ts horizontaux avec supports&#8221;][vc_row_inner][vc_column_inner width=&#8221;1\/2&#8243;][vc_single_image image=&#8221;22970&#8243; border_color=&#8221;grey&#8221; img_link_target=&#8221;_self&#8221; img_size=&#8221;large&#8221;][\/vc_column_inner][vc_column_inner width=&#8221;1\/2&#8243;][vc_single_image image=&#8221;23007&#8243; css_animation=&#8221;right-to-left&#8221; border_color=&#8221;grey&#8221; img_link_target=&#8221;_self&#8221; alignment=&#8221;center&#8221; style=&#8221;vc_box_shadow&#8221; img_size=&#8221;400&#215;400&#8243;][\/vc_column_inner][\/vc_row_inner][\/vc_accordion_tab][vc_accordion_tab title=&#8221;Type SP &#8211; D\u00e9p\u00f4ts horizontaux enterr\u00e9s simple peau&#8221;][vc_row_inner][vc_column_inner width=&#8221;1\/2&#8243;][vc_single_image image=&#8221;22982&#8243; border_color=&#8221;grey&#8221; img_link_target=&#8221;_self&#8221; img_size=&#8221;large&#8221;][\/vc_column_inner][vc_column_inner width=&#8221;1\/2&#8243;][vc_single_image image=&#8221;23031&#8243; css_animation=&#8221;right-to-left&#8221; border_color=&#8221;grey&#8221; img_link_target=&#8221;_self&#8221; alignment=&#8221;center&#8221; style=&#8221;vc_box_shadow&#8221; img_size=&#8221;400&#215;400&#8243;][\/vc_column_inner][\/vc_row_inner][\/vc_accordion_tab][vc_accordion_tab title=&#8221;Tipo T &#8211; Bacs rectangulaires&#8221;][vc_row_inner][vc_column_inner width=&#8221;1\/2&#8243;][vc_single_image image=&#8221;22985&#8243; border_color=&#8221;grey&#8221; img_link_target=&#8221;_self&#8221; img_size=&#8221;large&#8221;][\/vc_column_inner][vc_column_inner width=&#8221;1\/2&#8243;][vc_single_image image=&#8221;23014&#8243; css_animation=&#8221;right-to-left&#8221; border_color=&#8221;grey&#8221; img_link_target=&#8221;_self&#8221; alignment=&#8221;center&#8221; style=&#8221;vc_box_shadow&#8221; img_size=&#8221;400&#215;400&#8243;][\/vc_column_inner][\/vc_row_inner][\/vc_accordion_tab][\/vc_accordion]<div class=\"gap\" style=\"line-height: 50px; height: 50px;\"><\/div>[\/vc_column][\/vc_row]<\/p>\n","protected":false},"excerpt":{"rendered":"<p>[vc_row][vc_column width=&#8221;1\/2&#8243;][layerslider_vc id=&#8221;4&#8243;][\/vc_column][vc_column width=&#8221;1\/2&#8243;][vc_column_text] DANS LE SECTEUR INDUSTRIEL, SOCAP con\u00e7oit, fabrique et commercialise des \u00e9quipements pour le stockage et la manutention de tous types de produits chimiques, alimentation, de l&#8217;eau et en particulier les fluides dangereux toxiques et corrosifs. SOCAP propose la plus large gamme de r\u00e9servoirs de stockage de liquides en polyester renforc\u00e9 de&hellip;<\/p>\n","protected":false},"author":1,"featured_media":0,"parent":0,"menu_order":0,"comment_status":"closed","ping_status":"closed","template":"","meta":{"_exactmetrics_skip_tracking":false,"_exactmetrics_sitenote_active":false,"_exactmetrics_sitenote_note":"","_exactmetrics_sitenote_category":0,"footnotes":""},"class_list":["post-23198","page","type-page","status-publish","hentry","description-off"],"yoast_head":"<!-- This site is optimized with the Yoast SEO plugin v27.5 - https:\/\/yoast.com\/product\/yoast-seo-wordpress\/ -->\n<title>INDUSTRIE: Cuves pour stockage de fluides - SOCAP<\/title>\n<meta name=\"robots\" content=\"index, follow, max-snippet:-1, max-image-preview:large, max-video-preview:-1\" \/>\n<link rel=\"canonical\" href=\"https:\/\/socap.es\/fr\/industrie-depots-pour-stockage-de-fluides\/\" \/>\n<meta property=\"og:locale\" content=\"fr_FR\" \/>\n<meta property=\"og:type\" content=\"article\" \/>\n<meta property=\"og:title\" content=\"INDUSTRIE: Cuves pour stockage de fluides - SOCAP\" \/>\n<meta property=\"og:description\" content=\"[vc_row][vc_column width=&#8221;1\/2&#8243;][layerslider_vc id=&#8221;4&#8243;][\/vc_column][vc_column width=&#8221;1\/2&#8243;][vc_column_text] DANS LE SECTEUR INDUSTRIEL, SOCAP con\u00e7oit, fabrique et commercialise des \u00e9quipements pour le stockage et la manutention de tous types de produits chimiques, alimentation, de l&#8217;eau et en particulier les fluides dangereux toxiques et corrosifs. SOCAP propose la plus large gamme de r\u00e9servoirs de stockage de liquides en polyester renforc\u00e9 de&hellip;\" \/>\n<meta property=\"og:url\" content=\"https:\/\/socap.es\/fr\/industrie-depots-pour-stockage-de-fluides\/\" \/>\n<meta property=\"og:site_name\" content=\"SOCAP\" \/>\n<meta property=\"article:modified_time\" content=\"2014-11-18T16:31:20+00:00\" \/>\n<meta name=\"twitter:label1\" content=\"Est. reading time\" \/>\n\t<meta name=\"twitter:data1\" content=\"6 minutes\" \/>\n<script type=\"application\/ld+json\" class=\"yoast-schema-graph\">{\"@context\":\"https:\\\/\\\/schema.org\",\"@graph\":[{\"@type\":\"WebPage\",\"@id\":\"https:\\\/\\\/socap.es\\\/fr\\\/industrie-depots-pour-stockage-de-fluides\\\/\",\"url\":\"https:\\\/\\\/socap.es\\\/fr\\\/industrie-depots-pour-stockage-de-fluides\\\/\",\"name\":\"INDUSTRIE: Cuves pour stockage de fluides - SOCAP\",\"isPartOf\":{\"@id\":\"https:\\\/\\\/socap.es\\\/#website\"},\"datePublished\":\"2014-10-12T13:49:50+00:00\",\"dateModified\":\"2014-11-18T16:31:20+00:00\",\"breadcrumb\":{\"@id\":\"https:\\\/\\\/socap.es\\\/fr\\\/industrie-depots-pour-stockage-de-fluides\\\/#breadcrumb\"},\"inLanguage\":\"fr-FR\",\"potentialAction\":[{\"@type\":\"ReadAction\",\"target\":[\"https:\\\/\\\/socap.es\\\/fr\\\/industrie-depots-pour-stockage-de-fluides\\\/\"]}]},{\"@type\":\"BreadcrumbList\",\"@id\":\"https:\\\/\\\/socap.es\\\/fr\\\/industrie-depots-pour-stockage-de-fluides\\\/#breadcrumb\",\"itemListElement\":[{\"@type\":\"ListItem\",\"position\":1,\"name\":\"Portada\",\"item\":\"https:\\\/\\\/socap.es\\\/fr\\\/\"},{\"@type\":\"ListItem\",\"position\":2,\"name\":\"INDUSTRIE: Cuves pour stockage de fluides\"}]},{\"@type\":\"WebSite\",\"@id\":\"https:\\\/\\\/socap.es\\\/#website\",\"url\":\"https:\\\/\\\/socap.es\\\/\",\"name\":\"SOCAP\",\"description\":\"Dep\u00f3sitos en polyester\",\"publisher\":{\"@id\":\"https:\\\/\\\/socap.es\\\/#organization\"},\"potentialAction\":[{\"@type\":\"SearchAction\",\"target\":{\"@type\":\"EntryPoint\",\"urlTemplate\":\"https:\\\/\\\/socap.es\\\/?s={search_term_string}\"},\"query-input\":{\"@type\":\"PropertyValueSpecification\",\"valueRequired\":true,\"valueName\":\"search_term_string\"}}],\"inLanguage\":\"fr-FR\"},{\"@type\":\"Organization\",\"@id\":\"https:\\\/\\\/socap.es\\\/#organization\",\"name\":\"SOCAP\",\"url\":\"https:\\\/\\\/socap.es\\\/\",\"logo\":{\"@type\":\"ImageObject\",\"inLanguage\":\"fr-FR\",\"@id\":\"https:\\\/\\\/socap.es\\\/#\\\/schema\\\/logo\\\/image\\\/\",\"url\":\"https:\\\/\\\/socap.es\\\/wp-content\\\/uploads\\\/logo-SOCAP-tr-tx-con-texto1.png\",\"contentUrl\":\"https:\\\/\\\/socap.es\\\/wp-content\\\/uploads\\\/logo-SOCAP-tr-tx-con-texto1.png\",\"width\":284,\"height\":102,\"caption\":\"SOCAP\"},\"image\":{\"@id\":\"https:\\\/\\\/socap.es\\\/#\\\/schema\\\/logo\\\/image\\\/\"}}]}<\/script>\n<!-- \/ Yoast SEO plugin. -->","yoast_head_json":{"title":"INDUSTRIE: Cuves pour stockage de fluides - SOCAP","robots":{"index":"index","follow":"follow","max-snippet":"max-snippet:-1","max-image-preview":"max-image-preview:large","max-video-preview":"max-video-preview:-1"},"canonical":"https:\/\/socap.es\/fr\/industrie-depots-pour-stockage-de-fluides\/","og_locale":"fr_FR","og_type":"article","og_title":"INDUSTRIE: Cuves pour stockage de fluides - SOCAP","og_description":"[vc_row][vc_column width=&#8221;1\/2&#8243;][layerslider_vc id=&#8221;4&#8243;][\/vc_column][vc_column width=&#8221;1\/2&#8243;][vc_column_text] DANS LE SECTEUR INDUSTRIEL, SOCAP con\u00e7oit, fabrique et commercialise des \u00e9quipements pour le stockage et la manutention de tous types de produits chimiques, alimentation, de l&#8217;eau et en particulier les fluides dangereux toxiques et corrosifs. SOCAP propose la plus large gamme de r\u00e9servoirs de stockage de liquides en polyester renforc\u00e9 de&hellip;","og_url":"https:\/\/socap.es\/fr\/industrie-depots-pour-stockage-de-fluides\/","og_site_name":"SOCAP","article_modified_time":"2014-11-18T16:31:20+00:00","twitter_misc":{"Est. reading time":"6 minutes"},"schema":{"@context":"https:\/\/schema.org","@graph":[{"@type":"WebPage","@id":"https:\/\/socap.es\/fr\/industrie-depots-pour-stockage-de-fluides\/","url":"https:\/\/socap.es\/fr\/industrie-depots-pour-stockage-de-fluides\/","name":"INDUSTRIE: Cuves pour stockage de fluides - SOCAP","isPartOf":{"@id":"https:\/\/socap.es\/#website"},"datePublished":"2014-10-12T13:49:50+00:00","dateModified":"2014-11-18T16:31:20+00:00","breadcrumb":{"@id":"https:\/\/socap.es\/fr\/industrie-depots-pour-stockage-de-fluides\/#breadcrumb"},"inLanguage":"fr-FR","potentialAction":[{"@type":"ReadAction","target":["https:\/\/socap.es\/fr\/industrie-depots-pour-stockage-de-fluides\/"]}]},{"@type":"BreadcrumbList","@id":"https:\/\/socap.es\/fr\/industrie-depots-pour-stockage-de-fluides\/#breadcrumb","itemListElement":[{"@type":"ListItem","position":1,"name":"Portada","item":"https:\/\/socap.es\/fr\/"},{"@type":"ListItem","position":2,"name":"INDUSTRIE: Cuves pour stockage de fluides"}]},{"@type":"WebSite","@id":"https:\/\/socap.es\/#website","url":"https:\/\/socap.es\/","name":"SOCAP","description":"Dep\u00f3sitos en polyester","publisher":{"@id":"https:\/\/socap.es\/#organization"},"potentialAction":[{"@type":"SearchAction","target":{"@type":"EntryPoint","urlTemplate":"https:\/\/socap.es\/?s={search_term_string}"},"query-input":{"@type":"PropertyValueSpecification","valueRequired":true,"valueName":"search_term_string"}}],"inLanguage":"fr-FR"},{"@type":"Organization","@id":"https:\/\/socap.es\/#organization","name":"SOCAP","url":"https:\/\/socap.es\/","logo":{"@type":"ImageObject","inLanguage":"fr-FR","@id":"https:\/\/socap.es\/#\/schema\/logo\/image\/","url":"https:\/\/socap.es\/wp-content\/uploads\/logo-SOCAP-tr-tx-con-texto1.png","contentUrl":"https:\/\/socap.es\/wp-content\/uploads\/logo-SOCAP-tr-tx-con-texto1.png","width":284,"height":102,"caption":"SOCAP"},"image":{"@id":"https:\/\/socap.es\/#\/schema\/logo\/image\/"}}]}},"_links":{"self":[{"href":"https:\/\/socap.es\/fr\/wp-json\/wp\/v2\/pages\/23198","targetHints":{"allow":["GET"]}}],"collection":[{"href":"https:\/\/socap.es\/fr\/wp-json\/wp\/v2\/pages"}],"about":[{"href":"https:\/\/socap.es\/fr\/wp-json\/wp\/v2\/types\/page"}],"author":[{"embeddable":true,"href":"https:\/\/socap.es\/fr\/wp-json\/wp\/v2\/users\/1"}],"replies":[{"embeddable":true,"href":"https:\/\/socap.es\/fr\/wp-json\/wp\/v2\/comments?post=23198"}],"version-history":[{"count":5,"href":"https:\/\/socap.es\/fr\/wp-json\/wp\/v2\/pages\/23198\/revisions"}],"predecessor-version":[{"id":23349,"href":"https:\/\/socap.es\/fr\/wp-json\/wp\/v2\/pages\/23198\/revisions\/23349"}],"wp:attachment":[{"href":"https:\/\/socap.es\/fr\/wp-json\/wp\/v2\/media?parent=23198"}],"curies":[{"name":"wp","href":"https:\/\/api.w.org\/{rel}","templated":true}]}}